{"id":45,"date":"2023-10-23T01:30:22","date_gmt":"2023-10-23T01:30:22","guid":{"rendered":"https:\/\/sinapsislabs.net\/?page_id=45"},"modified":"2023-11-16T01:42:13","modified_gmt":"2023-11-16T01:42:13","slug":"quienes-somos","status":"publish","type":"page","link":"https:\/\/sinapsislabs.net\/index.php\/quienes-somos\/","title":{"rendered":"Quienes Somos"},"content":{"rendered":"\t\t<div data-elementor-type=\"wp-page\" data-elementor-id=\"45\" class=\"elementor elementor-45\">\n\t\t\t\t\t\t\t<div class=\"elementor-element elementor-element-e8a8d7c e-flex e-con-boxed e-con e-parent\" data-id=\"e8a8d7c\" data-element_type=\"container\" data-settings=\"{&quot;content_width&quot;:&quot;boxed&quot;}\" data-core-v316-plus=\"true\">\n\t\t\t\t\t<div class=\"e-con-inner\">\n\t\t\t\t<div class=\"elementor-element elementor-element-f38dfaa elementor-widget elementor-widget-text-editor\" data-id=\"f38dfaa\" data-element_type=\"widget\" data-widget_type=\"text-editor.default\">\n\t\t\t\t<div class=\"elementor-widget-container\">\n\t\t\t<style>\/*! elementor - v3.16.0 - 17-10-2023 *\/\n.elementor-widget-text-editor.elementor-drop-cap-view-stacked .elementor-drop-cap{background-color:#69727d;color:#fff}.elementor-widget-text-editor.elementor-drop-cap-view-framed .elementor-drop-cap{color:#69727d;border:3px solid;background-color:transparent}.elementor-widget-text-editor:not(.elementor-drop-cap-view-default) .elementor-drop-cap{margin-top:8px}.elementor-widget-text-editor:not(.elementor-drop-cap-view-default) .elementor-drop-cap-letter{width:1em;height:1em}.elementor-widget-text-editor .elementor-drop-cap{float:left;text-align:center;line-height:1;font-size:50px}.elementor-widget-text-editor .elementor-drop-cap-letter{display:inline-block}<\/style>\t\t\t\t<p><span style=\"color: #000000;\"><span lang=\"ES-MX\">Luis<\/span><span lang=\"ES-MX\"> Fernando es un apasionado educador con 34 a\u00f1os de experiencia en el campo de la ense\u00f1anza. Su formaci\u00f3n acad\u00e9mica incluye una licenciatura en Supervisi\u00f3n Educativa, especializaciones en Computaci\u00f3n para la Docencia y Gerencia Inform\u00e1tica, y un t\u00edtulo de Tecn\u00f3logo Agropecuario. Desde 2007, Luis Fernando ha liderado el laboratorio de innovaci\u00f3n con enfoque STEM llamado SinapsisLabs, donde ha desarrollado proyectos innovadores que han tenido un impacto significativo en el desarrollo de la regi\u00f3n. Su objetivo principal es coadyuvar a incrementar la capacidad de la regi\u00f3n mediante la identificaci\u00f3n, producci\u00f3n, difusi\u00f3n, uso e integraci\u00f3n del conocimiento cient\u00edfico y tecnol\u00f3gico. Luis Fernando ha sido reconocido por su labor como conferencista y ha participado en eventos como TEDx. Adem\u00e1s, ha representado a Colombia en Expo-Sciences International (ESI), donde ha compartido sus innovaciones con m\u00e1s de 80 pa\u00edses del mundo. Su trabajo se centra en acercar el conocimiento te\u00f3rico a los estudiantes a trav\u00e9s de proyectos pr\u00e1cticos y aplicados. Luis Fernando es un educador comprometido con el desarrollo de sus estudiantes y su comunidad.<\/span><\/span><\/p>\t\t\t\t\t\t<\/div>\n\t\t\t\t<\/div>\n\t\t\t\t\t<\/div>\n\t\t\t\t<\/div>\n\t\t<div class=\"elementor-element elementor-element-efaa1d4 e-con-full e-flex e-con e-parent\" data-id=\"efaa1d4\" data-element_type=\"container\" data-settings=\"{&quot;content_width&quot;:&quot;full&quot;}\" data-core-v316-plus=\"true\">\n\t\t\t\t<div class=\"elementor-element elementor-element-f7f8ff4 elementor-widget__width-initial elementor-widget elementor-widget-video\" data-id=\"f7f8ff4\" data-element_type=\"widget\" data-settings=\"{&quot;youtube_url&quot;:&quot;https:\\\/\\\/youtu.be\\\/QcI7rO-43t0&quot;,&quot;video_type&quot;:&quot;youtube&quot;,&quot;controls&quot;:&quot;yes&quot;}\" data-widget_type=\"video.default\">\n\t\t\t\t<div class=\"elementor-widget-container\">\n\t\t\t<style>\/*! elementor - v3.16.0 - 17-10-2023 *\/\n.elementor-widget-video .elementor-widget-container{overflow:hidden;transform:translateZ(0)}.elementor-widget-video .elementor-wrapper{aspect-ratio:var(--video-aspect-ratio)}.elementor-widget-video .elementor-wrapper iframe,.elementor-widget-video .elementor-wrapper video{height:100%;width:100%;display:flex;border:none;background-color:#000}@supports not (aspect-ratio:1\/1){.elementor-widget-video .elementor-wrapper{position:relative;overflow:hidden;height:0;padding-bottom:calc(100% \/ var(--video-aspect-ratio))}.elementor-widget-video .elementor-wrapper iframe,.elementor-widget-video .elementor-wrapper video{position:absolute;top:0;right:0;bottom:0;left:0}}.elementor-widget-video .elementor-open-inline .elementor-custom-embed-image-overlay{position:absolute;top:0;right:0;bottom:0;left:0;background-size:cover;background-position:50%}.elementor-widget-video .elementor-custom-embed-image-overlay{cursor:pointer;text-align:center}.elementor-widget-video .elementor-custom-embed-image-overlay:hover .elementor-custom-embed-play i{opacity:1}.elementor-widget-video .elementor-custom-embed-image-overlay img{display:block;width:100%;aspect-ratio:var(--video-aspect-ratio);-o-object-fit:cover;object-fit:cover;-o-object-position:center center;object-position:center center}@supports not (aspect-ratio:1\/1){.elementor-widget-video .elementor-custom-embed-image-overlay{position:relative;overflow:hidden;height:0;padding-bottom:calc(100% \/ var(--video-aspect-ratio))}.elementor-widget-video .elementor-custom-embed-image-overlay img{position:absolute;top:0;right:0;bottom:0;left:0}}.elementor-widget-video .e-hosted-video .elementor-video{-o-object-fit:cover;object-fit:cover}.e-con-inner>.elementor-widget-video,.e-con>.elementor-widget-video{width:var(--container-widget-width);--flex-grow:var(--container-widget-flex-grow)}<\/style>\t\t<div class=\"elementor-wrapper elementor-open-inline\">\n\t\t\t<div class=\"elementor-video\"><\/div>\t\t<\/div>\n\t\t\t\t<\/div>\n\t\t\t\t<\/div>\n\t\t\t\t<div class=\"elementor-element elementor-element-0e09421 elementor-widget elementor-widget-text-editor\" data-id=\"0e09421\" data-element_type=\"widget\" data-widget_type=\"text-editor.default\">\n\t\t\t\t<div class=\"elementor-widget-container\">\n\t\t\t\t\t\t\t<p><span style=\"color: #000000;\">Ellos son nuestros compa\u00f1eros del grado once de la promoci\u00f3n 2023, los cuales llevan dos a\u00f1os en el semillero de sinapsisLabs, aprendiendo y descubriendo sus habilidades, aca un poco de como ha sido su experiencia.<\/span><\/p>\t\t\t\t\t\t<\/div>\n\t\t\t\t<\/div>\n\t\t\t\t<div class=\"elementor-element elementor-element-118d9d5 elementor-widget elementor-widget-video\" data-id=\"118d9d5\" data-element_type=\"widget\" data-settings=\"{&quot;youtube_url&quot;:&quot;https:\\\/\\\/youtu.be\\\/ALk3Jx2L0cg&quot;,&quot;video_type&quot;:&quot;youtube&quot;,&quot;controls&quot;:&quot;yes&quot;}\" data-widget_type=\"video.default\">\n\t\t\t\t<div class=\"elementor-widget-container\">\n\t\t\t\t\t<div class=\"elementor-wrapper elementor-open-inline\">\n\t\t\t<div class=\"elementor-video\"><\/div>\t\t<\/div>\n\t\t\t\t<\/div>\n\t\t\t\t<\/div>\n\t\t\t\t<div class=\"elementor-element elementor-element-f256f3e elementor-widget elementor-widget-text-editor\" data-id=\"f256f3e\" data-element_type=\"widget\" data-widget_type=\"text-editor.default\">\n\t\t\t\t<div class=\"elementor-widget-container\">\n\t\t\t\t\t\t\t<p><span style=\"color: #000000;\">Estos somos nosotros los creadores de la pagina web de sinapsisLabs, para nosotros es un placer y honor ser\u00a0 parte de este hermoso proyecto.<\/span><\/p>\t\t\t\t\t\t<\/div>\n\t\t\t\t<\/div>\n\t\t\t\t<div class=\"elementor-element elementor-element-5f4bb00 elementor-widget elementor-widget-video\" data-id=\"5f4bb00\" data-element_type=\"widget\" data-settings=\"{&quot;youtube_url&quot;:&quot;https:\\\/\\\/youtu.be\\\/XK7GW7yJbT8&quot;,&quot;video_type&quot;:&quot;youtube&quot;,&quot;controls&quot;:&quot;yes&quot;}\" data-widget_type=\"video.default\">\n\t\t\t\t<div class=\"elementor-widget-container\">\n\t\t\t\t\t<div class=\"elementor-wrapper elementor-open-inline\">\n\t\t\t<div class=\"elementor-video\"><\/div>\t\t<\/div>\n\t\t\t\t<\/div>\n\t\t\t\t<\/div>\n\t\t\t\t<\/div>\n\t\t\t\t\t\t\t<\/div>\n\t\t","protected":false},"excerpt":{"rendered":"<p>Luis Fernando es un apasionado educador con 34 a\u00f1os de experiencia en el campo de la ense\u00f1anza. Su formaci\u00f3n acad\u00e9mica incluye una licenciatura en Supervisi\u00f3n Educativa, especializaciones en Computaci\u00f3n para la Docencia y Gerencia Inform\u00e1tica, y un t\u00edtulo de Tecn\u00f3logo Agropecuario. Desde 2007, Luis Fernando ha liderado el laboratorio de innovaci\u00f3n con enfoque STEM llamado &hellip;<\/p>\n<p class=\"read-more\"> <a class=\"\" href=\"https:\/\/sinapsislabs.net\/index.php\/quienes-somos\/\"> <span class=\"screen-reader-text\">Quienes Somos<\/span> Leer m\u00e1s &raquo;<\/a><\/p>\n","protected":false},"author":1,"featured_media":0,"parent":0,"menu_order":0,"comment_status":"closed","ping_status":"closed","template":"","meta":{"om_disable_all_campaigns":false,"_monsterinsights_skip_tracking":false,"_monsterinsights_sitenote_active":false,"_monsterinsights_sitenote_note":"","_monsterinsights_sitenote_category":0,"site-sidebar-layout":"no-sidebar","site-content-layout":"","ast-site-content-layout":"full-width-container","site-content-style":"default","site-sidebar-style":"default","ast-global-header-display":"","ast-banner-title-visibility":"","ast-main-header-display":"","ast-hfb-above-header-display":"","ast-hfb-below-header-display":"","ast-hfb-mobile-header-display":"","site-post-title":"disabled","ast-breadcrumbs-content":"","ast-featured-img":"disabled","footer-sml-layout":"","theme-transparent-header-meta":"","adv-header-id-meta":"","stick-header-meta":"","header-above-stick-meta":"","header-main-stick-meta":"","header-below-stick-meta":"","astra-migrate-meta-layouts":"","footnotes":""},"aioseo_notices":[],"_links":{"self":[{"href":"https:\/\/sinapsislabs.net\/index.php\/wp-json\/wp\/v2\/pages\/45"}],"collection":[{"href":"https:\/\/sinapsislabs.net\/index.php\/wp-json\/wp\/v2\/pages"}],"about":[{"href":"https:\/\/sinapsislabs.net\/index.php\/wp-json\/wp\/v2\/types\/page"}],"author":[{"embeddable":true,"href":"https:\/\/sinapsislabs.net\/index.php\/wp-json\/wp\/v2\/users\/1"}],"replies":[{"embeddable":true,"href":"https:\/\/sinapsislabs.net\/index.php\/wp-json\/wp\/v2\/comments?post=45"}],"version-history":[{"count":31,"href":"https:\/\/sinapsislabs.net\/index.php\/wp-json\/wp\/v2\/pages\/45\/revisions"}],"predecessor-version":[{"id":424,"href":"https:\/\/sinapsislabs.net\/index.php\/wp-json\/wp\/v2\/pages\/45\/revisions\/424"}],"wp:attachment":[{"href":"https:\/\/sinapsislabs.net\/index.php\/wp-json\/wp\/v2\/media?parent=45"}],"curies":[{"name":"wp","href":"https:\/\/api.w.org\/{rel}","templated":true}]}}